{"id":3526,"date":"2025-06-16T17:03:18","date_gmt":"2025-06-16T22:03:18","guid":{"rendered":"https:\/\/secofa.com\/web_pruebas\/?page_id=3526"},"modified":"2025-07-23T12:42:03","modified_gmt":"2025-07-23T17:42:03","slug":"secofa-al-dia","status":"publish","type":"page","link":"https:\/\/secofa.com\/web_pruebas\/secofa-al-dia\/","title":{"rendered":"SECOFA al dia"},"content":{"rendered":"<p><div class=\"fusion-fullwidth fullwidth-box fusion-builder-row-1 fusion-flex-container has-pattern-background has-mask-background nonhundred-percent-fullwidth non-hundred-percent-height-scrolling\" style=\"background-color: rgba(255,255,255,0);background-position: center center;background-repeat: no-repeat;border-width: 0px 0px 0px 0px;border-color:var(--awb-color3);border-style:solid;\" ><div class=\"fusion-builder-row fusion-row fusion-flex-align-items-flex-start\" style=\"max-width:1424.8px;margin-left: calc(-4% \/ 2 );margin-right: calc(-4% \/ 2 );\"><div class=\"fusion-layout-column fusion_builder_column fusion-builder-column-0 fusion-flex-column\"><div class=\"fusion-column-wrapper fusion-flex-justify-content-flex-start fusion-content-layout-column\" style=\"background-position:left top;background-repeat:no-repeat;-webkit-background-size:cover;-moz-background-size:cover;-o-background-size:cover;background-size:cover;padding: 0px 0px 0px 0px;\">\n<div class=\"fusion-slider-revolution rev_slider_wrapper\">\t\t\t<!-- START secofa al diaa 2 REVOLUTION SLIDER 6.6.5 --><p class=\"rs-p-wp-fix\"><\/p>\n\t\t\t<rs-module-wrap id=\"rev_slider_116_1_wrapper\" data-source=\"gallery\" style=\"visibility:hidden;background:transparent;padding:0;margin:0px auto;margin-top:0;margin-bottom:0;\">\n\t\t\t\t<rs-module id=\"rev_slider_116_1\" style=\"\" data-version=\"6.6.5\">\n\t\t\t\t\t<rs-slides style=\"overflow: hidden; position: absolute;\">\n\t\t\t\t\t\t<rs-slide style=\"position: absolute;\" data-key=\"rs-204\" data-title=\"Slide\" data-in=\"o:0;col:400;\" data-out=\"a:false;\">\n\t\t\t\t\t\t\t<img decoding=\"async\" src=\"\/\/secofa.com\/web_pruebas\/wp-content\/plugins\/revslider\/public\/assets\/assets\/dummy.png\" alt=\"\" title=\"banner secofa al dia (3)\" width=\"1240\" height=\"900\" class=\"rev-slidebg tp-rs-img rs-lazyload\" data-lazyload=\"\/\/secofa.com\/web_pruebas\/wp-content\/uploads\/2025\/06\/banner-secofa-al-dia-3.png\" data-parallax=\"off\" data-no-retina>\n<!--\n\t\t\t\t\t\t\t--><rs-layer\n\t\t\t\t\t\t\t\tid=\"slider-116-slide-204-layer-0\" \n\t\t\t\t\t\t\t\tclass=\"rev-btn\"\n\t\t\t\t\t\t\t\tdata-type=\"button\"\n\t\t\t\t\t\t\t\tdata-color=\"#0c0c0c\"\n\t\t\t\t\t\t\t\tdata-rsp_ch=\"on\"\n\t\t\t\t\t\t\t\tdata-xy=\"x:l,l,c,c;xo:85px,39px,0,0;y:t,t,m,m;yo:475px,334px,0,64px;\"\n\t\t\t\t\t\t\t\tdata-text=\"w:normal;s:17,11,20,15;l:40,27,52,42;fw:500;\"\n\t\t\t\t\t\t\t\tdata-dim=\"minh:0px,none,none,none;\"\n\t\t\t\t\t\t\t\tdata-actions='id:servicios;o:click;a:scrollto;offset:-90px;sp:1000ms;e:power1.inOut;'\n\t\t\t\t\t\t\t\tdata-padding=\"r:25,17,34,27;l:25,17,34,27;\"\n\t\t\t\t\t\t\t\tdata-border=\"bor:25px,25px,25px,25px;\"\n\t\t\t\t\t\t\t\tdata-frame_0=\"x:0,0,0px,0px;y:0,0,0px,0px;\"\n\t\t\t\t\t\t\t\tdata-frame_1=\"x:0,0,0px,0px;y:0,0,0px,0px;st:1340;sp:1990;sR:1340;\"\n\t\t\t\t\t\t\t\tdata-frame_999=\"o:0;st:w;sR:5670;\"\n\t\t\t\t\t\t\t\tdata-frame_hover=\"sX:1.05;sY:1.05;c:#fff;bgc:#baaa03;bor:25px,25px,25px,25px;bri:120%;\"\n\t\t\t\t\t\t\t\tstyle=\"z-index:9;background-color:#ffffff;font-family:'Roboto';\"\n\t\t\t\t\t\t\t>MAS INFORMACI\u00d3N \n\t\t\t\t\t\t\t<\/rs-layer><!--\n\n\t\t\t\t\t\t\t--><rs-layer\n\t\t\t\t\t\t\t\tid=\"slider-116-slide-204-layer-1\" \n\t\t\t\t\t\t\t\tdata-type=\"text\"\n\t\t\t\t\t\t\t\tdata-rsp_ch=\"on\"\n\t\t\t\t\t\t\t\tdata-xy=\"xo:645px,440px,334px,206px;yo:75px,51px,38px,23px;\"\n\t\t\t\t\t\t\t\tdata-text=\"w:normal;s:68,46,34,20;l:85,58,44,27;\"\n\t\t\t\t\t\t\t\tdata-frame_999=\"o:0;st:w;\"\n\t\t\t\t\t\t\t\tstyle=\"z-index:10;font-family:'Roboto';\"\n\t\t\t\t\t\t\t><!-- C\u00f3digo de instalaci\u00f3n Cliengo para modotso.com --> <script type=\"text\/javascript\">(function () { var ldk = document.createElement('script'); ldk.type = 'text\/javascript'; ldk.async = true; ldk.src = 'https:\/\/s.cliengo.com\/weboptimizer\/66954c330dfbb12fb8fb1433\/66954c350dfbb12fb8fb1437.js?platform=dashboard'; var s = document.getElementsByTagName('script')[0]; s.parentNode.insertBefore(ldk, s); })(); <\/script> \n\t\t\t\t\t\t\t<\/rs-layer><!--\n\n\t\t\t\t\t\t\t--><rs-layer\n\t\t\t\t\t\t\t\tid=\"slider-116-slide-204-layer-2\" \n\t\t\t\t\t\t\t\tdata-type=\"text\"\n\t\t\t\t\t\t\t\tdata-rsp_ch=\"on\"\n\t\t\t\t\t\t\t\tdata-xy=\"x:l,l,c,c;xo:77px,40px,0,0;y:t,t,m,m;yo:255px,160px,-190px,-140px;\"\n\t\t\t\t\t\t\t\tdata-text=\"w:normal,normal,nowrap,normal;s:79,57,70,60;l:119,85,71,90;ls:0,0,0,0px;fw:700;a:left,left,center,center;\"\n\t\t\t\t\t\t\t\tdata-dim=\"w:716px,auto,auto,auto;\"\n\t\t\t\t\t\t\t\tdata-frame_0=\"y:bottom;o:1;rX:-20deg;rY:-20deg;\"\n\t\t\t\t\t\t\t\tdata-frame_1=\"e:power3.out;st:640;sp:1640;sR:640;\"\n\t\t\t\t\t\t\t\tdata-frame_999=\"o:0;st:w;sR:6720;\"\n\t\t\t\t\t\t\t\tstyle=\"z-index:6;font-family:'Poppins';\"\n\t\t\t\t\t\t\t>SECOFA  AL D\u00cdA \n\t\t\t\t\t\t\t<\/rs-layer><!--\n\n\t\t\t\t\t\t\t--><rs-layer\n\t\t\t\t\t\t\t\tid=\"slider-116-slide-204-layer-4\" \n\t\t\t\t\t\t\t\tdata-type=\"text\"\n\t\t\t\t\t\t\t\tdata-rsp_ch=\"on\"\n\t\t\t\t\t\t\t\tdata-xy=\"x:l,l,c,c;xo:82px,37px,0,0;y:t,t,m,m;yo:356px,237px,-90px,-40px;\"\n\t\t\t\t\t\t\t\tdata-text=\"w:normal;s:36,36,20,20;l:45,45,25,25;\"\n\t\t\t\t\t\t\t\tdata-dim=\"w:973,973,524px,357px;h:111px,111px,auto,auto;\"\n\t\t\t\t\t\t\t\tdata-frame_0=\"x:-90px;\"\n\t\t\t\t\t\t\t\tdata-frame_1=\"st:1440;sp:1420;sR:1440;\"\n\t\t\t\t\t\t\t\tdata-frame_999=\"o:0;st:w;sR:6140;\"\n\t\t\t\t\t\t\t\tstyle=\"z-index:8;font-family:'Roboto';\"\n\t\t\t\t\t\t\t>INFORMACI\u00d3N QUE PROTEGE <br \/>\nTUS DECISIONES. \n\t\t\t\t\t\t\t<\/rs-layer><!--\n-->\t\t\t\t\t\t<\/rs-slide>\n\t\t\t\t\t<\/rs-slides>\n\t\t\t\t\t<rs-static-layers><!--\n\n\t\t\t\t\t\t\t--><rs-layer\n\t\t\t\t\t\t\t\tid=\"slider-116-slide-116-layer-5\" \n\t\t\t\t\t\t\t\tclass=\"rs-layer-static\"\n\t\t\t\t\t\t\t\tdata-type=\"text\"\n\t\t\t\t\t\t\t\tdata-rsp_ch=\"on\"\n\t\t\t\t\t\t\t\tdata-xy=\"xo:644px,439px,333px,205px;yo:210px,143px,108px,66px;\"\n\t\t\t\t\t\t\t\tdata-text=\"w:normal;s:20,13,9,5;l:25,17,12,7;\"\n\t\t\t\t\t\t\t\tdata-onslides=\"s:1;\"\n\t\t\t\t\t\t\t\tdata-frame_999=\"o:0;st:w;\"\n\t\t\t\t\t\t\t\tstyle=\"z-index:5;font-family:'Roboto';\"\n\t\t\t\t\t\t\t><!-- C\u00f3digo de instalaci\u00f3n Cliengo para https:\/\/secofa.com\/web_pruebas\/ --> <script type=\"text\/javascript\">(function () { var ldk = document.createElement('script'); ldk.type = 'text\/javascript'; ldk.async = true; ldk.src = 'https:\/\/s.cliengo.com\/weboptimizer\/6643b95d44843066d69471d8\/6643bbb371c87a08364c1a43.js?platform=view_installation_code'; var s = document.getElementsByTagName('script')[0]; s.parentNode.insertBefore(ldk, s); })();<\/script> \n\t\t\t\t\t\t\t<\/rs-layer><!--\n\t\t\t\t\t--><\/rs-static-layers>\n\t\t\t\t<\/rs-module>\n\t\t\t\t<script>\n\t\t\t\t\tsetREVStartSize({c: 'rev_slider_116_1',rl:[1240,1024,778,480],el:[850,767.986,960,720],gw:[1500,1024,778,480],gh:[850,768,960,720],type:'standard',justify:'',layout:'fullwidth',mh:\"0\"});if (window.RS_MODULES!==undefined && window.RS_MODULES.modules!==undefined && window.RS_MODULES.modules[\"revslider1161\"]!==undefined) {window.RS_MODULES.modules[\"revslider1161\"].once = false;window.revapi116 = undefined;if (window.RS_MODULES.checkMinimal!==undefined) window.RS_MODULES.checkMinimal()}\n\t\t\t\t<\/script>\n\t\t\t<\/rs-module-wrap>\n\t\t\t<!-- END REVOLUTION SLIDER -->\n<\/div><\/div><style type=\"text\/css\">.fusion-body .fusion-builder-column-0{width: auto;margin-top : 0px;margin-bottom : 20px;}.fusion-builder-column-0 > .fusion-column-wrapper {padding-top : 0px !important;padding-right : 0px !important;margin-right : 2%;padding-bottom : 0px !important;padding-left : 0px !important;margin-left : 2%;}@media only screen and (max-width:1024px) {.fusion-body .fusion-builder-column-0{width: auto;order : 0;}.fusion-builder-column-0 > .fusion-column-wrapper {margin-right : 2%;margin-left : 2%;}}@media only screen and (max-width:640px) {.fusion-body .fusion-builder-column-0{width:100% !important;order : 0;}.fusion-builder-column-0 > .fusion-column-wrapper {margin-right : 1.92%;margin-left : 1.92%;}}<\/style><\/div><\/div><style type=\"text\/css\">.fusion-body .fusion-flex-container.fusion-builder-row-1{ padding-top : 0px;margin-top : 0px;padding-right : 0px;padding-bottom : 0px;margin-bottom : 0px;padding-left : 0px;}<\/style><\/div><div class=\"fusion-fullwidth fullwidth-box fusion-builder-row-2 fusion-flex-container has-pattern-background has-mask-background nonhundred-percent-fullwidth non-hundred-percent-height-scrolling\" style=\"background-color: rgba(255,255,255,0);background-position: center center;background-repeat: no-repeat;border-width: 0px 0px 0px 0px;border-color:var(--awb-color3);border-style:solid;\" ><div class=\"fusion-builder-row fusion-row fusion-flex-align-items-flex-start\" style=\"max-width:1424.8px;margin-left: calc(-4% \/ 2 );margin-right: calc(-4% \/ 2 );\"><div class=\"fusion-layout-column fusion_builder_column fusion-builder-column-1 fusion_builder_column_1_1 1_1 fusion-flex-column\"><div class=\"fusion-column-wrapper fusion-flex-justify-content-flex-start fusion-content-layout-column\" style=\"background-position:left top;background-repeat:no-repeat;-webkit-background-size:cover;-moz-background-size:cover;-o-background-size:cover;background-size:cover;padding: 0px 0px 0px 0px;\"><style type=\"text\/css\">@media only screen and (max-width:1024px) {.fusion-title.fusion-title-1{margin-top:10px!important; margin-right:0px!important;margin-bottom:15px!important;margin-left:0px!important;}}@media only screen and (max-width:640px) {.fusion-title.fusion-title-1{margin-top:10px!important; margin-right:0px!important;margin-bottom:10px!important; margin-left:0px!important;}}<\/style><div class=\"fusion-title title fusion-title-1 fusion-sep-none fusion-title-text fusion-title-size-one\" style=\"margin-top:10px;margin-right:0px;margin-bottom:15px;margin-left:0px;\"><h1 class=\"title-heading-left\" style=\"margin:0;\"><\/h1><\/div><\/div><style type=\"text\/css\">.fusion-body .fusion-builder-column-1{width:100% !important;margin-top : 0px;margin-bottom : 20px;}.fusion-builder-column-1 > .fusion-column-wrapper {padding-top : 0px !important;padding-right : 0px !important;margin-right : 1.92%;padding-bottom : 0px !important;padding-left : 0px !important;margin-left : 1.92%;}@media only screen and (max-width:1024px) {.fusion-body .fusion-builder-column-1{width:100% !important;order : 0;}.fusion-builder-column-1 > .fusion-column-wrapper {margin-right : 1.92%;margin-left : 1.92%;}}@media only screen and (max-width:640px) {.fusion-body .fusion-builder-column-1{width:100% !important;order : 0;}.fusion-builder-column-1 > .fusion-column-wrapper {margin-right : 1.92%;margin-left : 1.92%;}}<\/style><\/div><\/div><style type=\"text\/css\">.fusion-body .fusion-flex-container.fusion-builder-row-2{ padding-top : 0px;margin-top : 0px;padding-right : 0px;padding-bottom : 0px;margin-bottom : 0px;padding-left : 0px;}<\/style><\/div><div class=\"fusion-fullwidth fullwidth-box fusion-builder-row-3 fusion-flex-container has-pattern-background has-mask-background nonhundred-percent-fullwidth non-hundred-percent-height-scrolling\" style=\"background-color: rgba(255,255,255,0);background-position: center center;background-repeat: no-repeat;border-width: 0px 0px 0px 0px;border-color:var(--awb-color3);border-style:solid;\" ><div class=\"fusion-builder-row fusion-row fusion-flex-align-items-flex-start\" style=\"max-width:1424.8px;margin-left: calc(-4% \/ 2 );margin-right: calc(-4% \/ 2 );\"><div class=\"fusion-layout-column fusion_builder_column fusion-builder-column-2 fusion_builder_column_1_2 1_2 fusion-flex-column\"><div class=\"fusion-column-wrapper fusion-flex-justify-content-flex-start fusion-content-layout-column\" style=\"background-position:left top;background-repeat:no-repeat;-webkit-background-size:cover;-moz-background-size:cover;-o-background-size:cover;background-size:cover;padding: 0px 0px 0px 0px;\"><div class=\"fusion-video fusion-youtube\" style=\"max-width:600px;max-height:360px;\"><div class=\"video-shortcode\"><div class=\"fluid-width-video-wrapper\" style=\"padding-top:60%;\" ><iframe title=\"YouTube video player 1\" src=\"https:\/\/www.youtube.com\/embed\/BW3-zGK0v0g?wmode=transparent&autoplay=0\" width=\"600\" height=\"360\" allowfullscreen allow=\"autoplay; fullscreen\"><\/iframe><\/div><\/div><\/div><\/div><style type=\"text\/css\">.fusion-body .fusion-builder-column-2{width:50% !important;margin-top : 0px;margin-bottom : 20px;}.fusion-builder-column-2 > .fusion-column-wrapper {padding-top : 0px !important;padding-right : 0px !important;margin-right : 3.84%;padding-bottom : 0px !important;padding-left : 0px !important;margin-left : 3.84%;}@media only screen and (max-width:1024px) {.fusion-body .fusion-builder-column-2{width:50% !important;order : 0;}.fusion-builder-column-2 > .fusion-column-wrapper {margin-right : 3.84%;margin-left : 3.84%;}}@media only screen and (max-width:640px) {.fusion-body .fusion-builder-column-2{width:100% !important;order : 0;}.fusion-builder-column-2 > .fusion-column-wrapper {margin-right : 1.92%;margin-left : 1.92%;}}<\/style><\/div><div class=\"fusion-layout-column fusion_builder_column fusion-builder-column-3 fusion_builder_column_1_2 1_2 fusion-flex-column\"><div class=\"fusion-column-wrapper fusion-flex-justify-content-flex-start fusion-content-layout-column\" style=\"background-position:left top;background-repeat:no-repeat;-webkit-background-size:cover;-moz-background-size:cover;-o-background-size:cover;background-size:cover;padding: 0px 0px 0px 0px;\"><div class=\"fusion-text fusion-text-1\"><p data-start=\"256\" data-end=\"482\">En este video te explicamos en qu\u00e9 consiste la prueba de pol\u00edgrafo, tambi\u00e9n conocida como detector de mentiras, utilizada com\u00fanmente en procesos de selecci\u00f3n de personal, investigaciones internas y evaluaciones de confianza.<\/p>\n<p data-start=\"484\" data-end=\"740\">Con un lenguaje claro y accesible, abordamos los aspectos clave de esta evaluaci\u00f3n: c\u00f3mo funciona, qu\u00e9 mide y qu\u00e9 puedes esperar durante su desarrollo. Adem\u00e1s, te brindamos recomendaciones pr\u00e1cticas para presentarte de forma tranquila, segura y confiada.<\/p>\n<p data-start=\"742\" data-end=\"892\">Este contenido est\u00e1 dise\u00f1ado para resolver tus dudas y ayudarte a prepararte adecuadamente, garantizando una experiencia transparente y sin sorpresas.<\/p>\n<\/div><\/div><style type=\"text\/css\">.fusion-body .fusion-builder-column-3{width:50% !important;margin-top : 0px;margin-bottom : 20px;}.fusion-builder-column-3 > .fusion-column-wrapper {padding-top : 0px !important;padding-right : 0px !important;margin-right : 3.84%;padding-bottom : 0px !important;padding-left : 0px !important;margin-left : 3.84%;}@media only screen and (max-width:1024px) {.fusion-body .fusion-builder-column-3{width:50% !important;order : 0;}.fusion-builder-column-3 > .fusion-column-wrapper {margin-right : 3.84%;margin-left : 3.84%;}}@media only screen and (max-width:640px) {.fusion-body .fusion-builder-column-3{width:100% !important;order : 0;}.fusion-builder-column-3 > .fusion-column-wrapper {margin-right : 1.92%;margin-left : 1.92%;}}<\/style><\/div><\/div><style type=\"text\/css\">.fusion-body .fusion-flex-container.fusion-builder-row-3{ padding-top : 0px;margin-top : 0px;padding-right : 0px;padding-bottom : 0px;margin-bottom : 0px;padding-left : 0px;}<\/style><\/div><div class=\"fusion-fullwidth fullwidth-box fusion-builder-row-4 fusion-flex-container has-pattern-background has-mask-background nonhundred-percent-fullwidth non-hundred-percent-height-scrolling\" style=\"background-color: rgba(255,255,255,0);background-position: center center;background-repeat: no-repeat;border-width: 0px 0px 0px 0px;border-color:var(--awb-color3);border-style:solid;\" ><div class=\"fusion-builder-row fusion-row fusion-flex-align-items-flex-start\" style=\"max-width:1424.8px;margin-left: calc(-4% \/ 2 );margin-right: calc(-4% \/ 2 );\"><div class=\"fusion-layout-column fusion_builder_column fusion-builder-column-4 fusion_builder_column_1_2 1_2 fusion-flex-column\"><div class=\"fusion-column-wrapper fusion-flex-justify-content-flex-start fusion-content-layout-column\" style=\"background-position:left top;background-repeat:no-repeat;-webkit-background-size:cover;-moz-background-size:cover;-o-background-size:cover;background-size:cover;padding: 0px 0px 0px 0px;\"><div class=\"fusion-text fusion-text-2\"><p>En este video te explicamos de manera sencilla qu\u00e9 son los riesgos empresariales y por qu\u00e9 es fundamental identificarlos, evaluarlos y gestionarlos de forma estrat\u00e9gica.<\/p>\n<p>Aprender\u00e1s sobre los diferentes tipos de riesgos que pueden afectar a una organizaci\u00f3n ,preventivas y correctivas para minimizarlos.<\/p>\n<p>Este contenido est\u00e1 dirigido a empresarios, l\u00edderes de equipo y profesionales que desean fortalecer la continuidad del negocio y tomar decisiones m\u00e1s informadas para proteger los intereses de la empresa.<\/p>\n<p>Prep\u00e1rate para descubrir herramientas clave que te ayudar\u00e1n a transformar los riesgos en oportunidades<\/p>\n<\/div><\/div><style type=\"text\/css\">.fusion-body .fusion-builder-column-4{width:50% !important;margin-top : 0px;margin-bottom : 20px;}.fusion-builder-column-4 > .fusion-column-wrapper {padding-top : 0px !important;padding-right : 0px !important;margin-right : 3.84%;padding-bottom : 0px !important;padding-left : 0px !important;margin-left : 3.84%;}@media only screen and (max-width:1024px) {.fusion-body .fusion-builder-column-4{width:50% !important;order : 0;}.fusion-builder-column-4 > .fusion-column-wrapper {margin-right : 3.84%;margin-left : 3.84%;}}@media only screen and (max-width:640px) {.fusion-body .fusion-builder-column-4{width:100% !important;order : 0;}.fusion-builder-column-4 > .fusion-column-wrapper {margin-right : 1.92%;margin-left : 1.92%;}}<\/style><\/div><div class=\"fusion-layout-column fusion_builder_column fusion-builder-column-5 fusion_builder_column_1_2 1_2 fusion-flex-column\"><div class=\"fusion-column-wrapper fusion-flex-justify-content-flex-start fusion-content-layout-column\" style=\"background-position:left top;background-repeat:no-repeat;-webkit-background-size:cover;-moz-background-size:cover;-o-background-size:cover;background-size:cover;padding: 0px 0px 0px 0px;\"><div ><span class=\" fusion-imageframe imageframe-none imageframe-1 hover-type-none\"><a class=\"fusion-no-lightbox\" href=\"https:\/\/youtube.com\/shorts\/Zvl6VezRDEk?si=EhrZnDeIA1Oblm4Z\" target=\"_self\" aria-label=\"Dise\u00f1o sin t\u00edtulo (7)\"><img decoding=\"async\" width=\"1920\" height=\"1080\" src=\"https:\/\/secofa.com\/web_pruebas\/wp-content\/uploads\/2025\/06\/Diseno-sin-titulo-7.png\" alt class=\"img-responsive wp-image-3569\" srcset=\"https:\/\/secofa.com\/web_pruebas\/wp-content\/uploads\/2025\/06\/Diseno-sin-titulo-7-200x113.png 200w, https:\/\/secofa.com\/web_pruebas\/wp-content\/uploads\/2025\/06\/Diseno-sin-titulo-7-400x225.png 400w, https:\/\/secofa.com\/web_pruebas\/wp-content\/uploads\/2025\/06\/Diseno-sin-titulo-7-600x338.png 600w, https:\/\/secofa.com\/web_pruebas\/wp-content\/uploads\/2025\/06\/Diseno-sin-titulo-7-800x450.png 800w, https:\/\/secofa.com\/web_pruebas\/wp-content\/uploads\/2025\/06\/Diseno-sin-titulo-7-1200x675.png 1200w, https:\/\/secofa.com\/web_pruebas\/wp-content\/uploads\/2025\/06\/Diseno-sin-titulo-7.png 1920w\" sizes=\"(max-width: 640px) 100vw, 800px\" \/><\/a><\/span><\/div><\/div><style type=\"text\/css\">.fusion-body .fusion-builder-column-5{width:50% !important;margin-top : 0px;margin-bottom : 20px;}.fusion-builder-column-5 > .fusion-column-wrapper {padding-top : 0px !important;padding-right : 0px !important;margin-right : 3.84%;padding-bottom : 0px !important;padding-left : 0px !important;margin-left : 3.84%;}@media only screen and (max-width:1024px) {.fusion-body .fusion-builder-column-5{width:50% !important;order : 0;}.fusion-builder-column-5 > .fusion-column-wrapper {margin-right : 3.84%;margin-left : 3.84%;}}@media only screen and (max-width:640px) {.fusion-body .fusion-builder-column-5{width:100% !important;order : 0;}.fusion-builder-column-5 > .fusion-column-wrapper {margin-right : 1.92%;margin-left : 1.92%;}}<\/style><\/div><\/div><style type=\"text\/css\">.fusion-body .fusion-flex-container.fusion-builder-row-4{ padding-top : 0px;margin-top : 0px;padding-right : 0px;padding-bottom : 0px;margin-bottom : 0px;padding-left : 0px;}<\/style><\/div><div class=\"fusion-fullwidth fullwidth-box fusion-builder-row-5 fusion-flex-container has-pattern-background has-mask-background nonhundred-percent-fullwidth non-hundred-percent-height-scrolling\" style=\"background-color: rgba(255,255,255,0);background-position: center center;background-repeat: no-repeat;border-width: 0px 0px 0px 0px;border-color:var(--awb-color3);border-style:solid;\" ><div class=\"fusion-builder-row fusion-row fusion-flex-align-items-flex-start\" style=\"max-width:1424.8px;margin-left: calc(-4% \/ 2 );margin-right: calc(-4% \/ 2 );\"><div class=\"fusion-layout-column fusion_builder_column fusion-builder-column-6 fusion_builder_column_1_1 1_1 fusion-flex-column\"><div class=\"fusion-column-wrapper fusion-flex-justify-content-flex-start fusion-content-layout-column\" style=\"background-position:left top;background-repeat:no-repeat;-webkit-background-size:cover;-moz-background-size:cover;-o-background-size:cover;background-size:cover;padding: 0px 0px 0px 0px;\"><\/div><style type=\"text\/css\">.fusion-body .fusion-builder-column-6{width:100% !important;margin-top : 0px;margin-bottom : 20px;}.fusion-builder-column-6 > .fusion-column-wrapper {padding-top : 0px !important;padding-right : 0px !important;margin-right : 1.92%;padding-bottom : 0px !important;padding-left : 0px !important;margin-left : 1.92%;}@media only screen and (max-width:1024px) {.fusion-body .fusion-builder-column-6{width:100% !important;order : 0;}.fusion-builder-column-6 > .fusion-column-wrapper {margin-right : 1.92%;margin-left : 1.92%;}}@media only screen and (max-width:640px) {.fusion-body .fusion-builder-column-6{width:100% !important;order : 0;}.fusion-builder-column-6 > .fusion-column-wrapper {margin-right : 1.92%;margin-left : 1.92%;}}<\/style><\/div><\/div><style type=\"text\/css\">.fusion-body .fusion-flex-container.fusion-builder-row-5{ padding-top : 0px;margin-top : 0px;padding-right : 0px;padding-bottom : 0px;margin-bottom : 0px;padding-left : 0px;}<\/style><\/div><\/p>\n","protected":false},"excerpt":{"rendered":"","protected":false},"author":2,"featured_media":0,"parent":0,"menu_order":0,"comment_status":"closed","ping_status":"closed","template":"100-width.php","meta":{"footnotes":""},"class_list":["post-3526","page","type-page","status-publish","hentry"],"_links":{"self":[{"href":"https:\/\/secofa.com\/web_pruebas\/wp-json\/wp\/v2\/pages\/3526","targetHints":{"allow":["GET"]}}],"collection":[{"href":"https:\/\/secofa.com\/web_pruebas\/wp-json\/wp\/v2\/pages"}],"about":[{"href":"https:\/\/secofa.com\/web_pruebas\/wp-json\/wp\/v2\/types\/page"}],"author":[{"embeddable":true,"href":"https:\/\/secofa.com\/web_pruebas\/wp-json\/wp\/v2\/users\/2"}],"replies":[{"embeddable":true,"href":"https:\/\/secofa.com\/web_pruebas\/wp-json\/wp\/v2\/comments?post=3526"}],"version-history":[{"count":20,"href":"https:\/\/secofa.com\/web_pruebas\/wp-json\/wp\/v2\/pages\/3526\/revisions"}],"predecessor-version":[{"id":3629,"href":"https:\/\/secofa.com\/web_pruebas\/wp-json\/wp\/v2\/pages\/3526\/revisions\/3629"}],"wp:attachment":[{"href":"https:\/\/secofa.com\/web_pruebas\/wp-json\/wp\/v2\/media?parent=3526"}],"curies":[{"name":"wp","href":"https:\/\/api.w.org\/{rel}","templated":true}]}}