{"id":1765,"date":"2022-12-07T14:20:30","date_gmt":"2022-12-07T14:20:30","guid":{"rendered":"https:\/\/secofa.com\/web_pruebas\/?page_id=1765"},"modified":"2024-07-11T10:05:51","modified_gmt":"2024-07-11T15:05:51","slug":"responsabilidad-social","status":"publish","type":"page","link":"https:\/\/secofa.com\/web_pruebas\/responsabilidad-social\/","title":{"rendered":"Responsabilidad social"},"content":{"rendered":"<p><div class=\"fusion-fullwidth fullwidth-box fusion-builder-row-1 fusion-flex-container has-pattern-background has-mask-background nonhundred-percent-fullwidth non-hundred-percent-height-scrolling\" style=\"background-color: rgba(255,255,255,0);background-position: center center;background-repeat: no-repeat;border-width: 0px 0px 0px 0px;border-color:var(--awb-color3);border-style:solid;\" ><div class=\"fusion-builder-row fusion-row fusion-flex-align-items-flex-start\" style=\"max-width:1424.8px;margin-left: calc(-4% \/ 2 );margin-right: calc(-4% \/ 2 );\"><div class=\"fusion-layout-column fusion_builder_column fusion-builder-column-0 fusion_builder_column_1_1 1_1 fusion-flex-column\"><div class=\"fusion-column-wrapper fusion-flex-justify-content-flex-start fusion-content-layout-column\" style=\"background-position:left top;background-repeat:no-repeat;-webkit-background-size:cover;-moz-background-size:cover;-o-background-size:cover;background-size:cover;padding: 0px 0px 0px 0px;\">\n<div class=\"fusion-slider-revolution rev_slider_wrapper\">\t\t\t<!-- START Slaido_06 REVOLUTION SLIDER 6.6.5 --><p class=\"rs-p-wp-fix\"><\/p>\n\t\t\t<rs-module-wrap id=\"rev_slider_79_1_wrapper\" data-source=\"gallery\" style=\"visibility:hidden;background:transparent;padding:0;margin:0px auto;margin-top:0;margin-bottom:0;\">\n\t\t\t\t<rs-module id=\"rev_slider_79_1\" style=\"\" data-version=\"6.6.5\">\n\t\t\t\t\t<rs-slides style=\"overflow: hidden; position: absolute;\">\n\t\t\t\t\t\t<rs-slide style=\"position: absolute;\" data-key=\"rs-146\" data-title=\"Slide\" data-anim=\"ms:2000;\" data-in=\"o:0;\" data-out=\"a:false;\" data-d3=\"f:fly;z:400;e:power2.out;su:true;\">\n\t\t\t\t\t\t\t<img decoding=\"async\" src=\"\/\/secofa.com\/web_pruebas\/wp-content\/plugins\/revslider\/public\/assets\/assets\/dummy.png\" alt=\"\" title=\"Dise\u00f1o sin t\u00edtulo (19)\" width=\"1240\" height=\"900\" class=\"rev-slidebg tp-rs-img rs-lazyload\" data-lazyload=\"\/\/secofa.com\/web_pruebas\/wp-content\/uploads\/2025\/07\/Diseno-sin-titulo-19.png\" data-parallax=\"15\" data-no-retina>\n<!--\n\t\t\t\t\t\t\t--><rs-layer\n\t\t\t\t\t\t\t\tid=\"slider-79-slide-146-layer-2\" \n\t\t\t\t\t\t\t\tdata-type=\"text\"\n\t\t\t\t\t\t\t\tdata-rsp_ch=\"on\"\n\t\t\t\t\t\t\t\tdata-xy=\"x:c;y:m;yo:-116px,-116px,-116px,-117px;\"\n\t\t\t\t\t\t\t\tdata-text=\"w:nowrap,nowrap,nowrap,normal;s:65,65,65,55;l:65;ls:-2px;fw:700;a:center;\"\n\t\t\t\t\t\t\t\tdata-frame_1=\"st:370;sp:1690;sR:370;\"\n\t\t\t\t\t\t\t\tdata-frame_999=\"o:0;st:w;sR:6940;\"\n\t\t\t\t\t\t\t\tstyle=\"z-index:7;font-family:'Montserrat';\"\n\t\t\t\t\t\t\t>Responsabilidad <br \/>\nsocial \n\t\t\t\t\t\t\t<\/rs-layer><!--\n\n\t\t\t\t\t\t\t--><rs-layer\n\t\t\t\t\t\t\t\tid=\"slider-79-slide-146-layer-3\" \n\t\t\t\t\t\t\t\tdata-type=\"text\"\n\t\t\t\t\t\t\t\tdata-rsp_ch=\"on\"\n\t\t\t\t\t\t\t\tdata-xy=\"x:c;yo:447px,378px,292px,154px;\"\n\t\t\t\t\t\t\t\tdata-text=\"w:normal;s:17;l:30,30,30,31;a:center;\"\n\t\t\t\t\t\t\t\tdata-dim=\"w:896px,896px,658px,454px;h:107px,107px,auto,auto;\"\n\t\t\t\t\t\t\t\tdata-frame_1=\"x:0,0,0,0px;y:0,0,0,0px;st:890;sp:1620;sR:890;\"\n\t\t\t\t\t\t\t\tdata-frame_999=\"o:0;st:w;sR:6490;\"\n\t\t\t\t\t\t\t\tstyle=\"z-index:8;font-family:'Open Sans';\"\n\t\t\t\t\t\t\t>En la b\u00fasqueda constante de la mejora continua, Secofa SAS busca un equilibrio en los aspectos econ\u00f3micos, ambientales, sociales y \u00e9ticos, lo que permite desarrollar ambientes \u00edntegros encaminados a la viabilidad comercial y econ\u00f3mica de la compa\u00f1\u00eda. \n\t\t\t\t\t\t\t<\/rs-layer><!--\n\n\t\t\t\t\t\t\t--><rs-layer\n\t\t\t\t\t\t\t\tid=\"slider-79-slide-146-layer-5\" \n\t\t\t\t\t\t\t\tclass=\"rev-btn\"\n\t\t\t\t\t\t\t\tdata-type=\"button\"\n\t\t\t\t\t\t\t\tdata-xy=\"x:c;yo:592px,497px,460px,327px;\"\n\t\t\t\t\t\t\t\tdata-text=\"s:15,15,15,13;l:14,14,14,12;fw:700;a:center;\"\n\t\t\t\t\t\t\t\tdata-dim=\"h:55px,55px,55px,48px;\"\n\t\t\t\t\t\t\t\tdata-actions='id:derechos;o:click;a:scrollto;offset:-100px;sp:1000ms;e:power1.inOut;'\n\t\t\t\t\t\t\t\tdata-rsp_bd=\"off\"\n\t\t\t\t\t\t\t\tdata-padding=\"t:21,21,21,18;r:30,30,30,26;b:10,10,10,9;l:30,30,30,26;\"\n\t\t\t\t\t\t\t\tdata-border=\"bos:solid;boc:#948584;bow:1,1,1,1;bor:30px,30px,30px,30px;\"\n\t\t\t\t\t\t\t\tdata-frame_0=\"x:-200px,-200px,-200px,-174px;skX:85px;\"\n\t\t\t\t\t\t\t\tdata-frame_1=\"x:0,0,0,0px;y:0,0,0,0px;st:1400;sp:1410;sR:1400;\"\n\t\t\t\t\t\t\t\tdata-frame_999=\"o:0;st:w;sR:6190;\"\n\t\t\t\t\t\t\t\tdata-frame_hover=\"sX:1.05;sY:1.05;c:#0c0c0c;bgc:#fff;boc:#fff;bor:30px,30px,30px,30px;bos:solid;bow:1px,1px,1px,1px;oX:50;oY:50;sp:300ms;e:none;\"\n\t\t\t\t\t\t\t\tstyle=\"z-index:9;background-color:rgba(0,0,0,0);font-family:'Montserrat';cursor:pointer;outline:none;box-shadow:none;box-sizing:border-box;-moz-box-sizing:border-box;-webkit-box-sizing:border-box;\"\n\t\t\t\t\t\t\t>Mas Informacion \n\t\t\t\t\t\t\t<\/rs-layer><!--\n-->\t\t\t\t\t\t<\/rs-slide>\n\t\t\t\t\t<\/rs-slides>\n\t\t\t\t<\/rs-module>\n\t\t\t\t<script>\n\t\t\t\t\tsetREVStartSize({c: 'rev_slider_79_1',rl:[1240,1024,778,480],el:[900,768,600,400],gw:[1240,1024,778,480],gh:[900,768,600,400],type:'standard',justify:'',layout:'fullwidth',mh:\"0\"});if (window.RS_MODULES!==undefined && window.RS_MODULES.modules!==undefined && window.RS_MODULES.modules[\"revslider791\"]!==undefined) {window.RS_MODULES.modules[\"revslider791\"].once = false;window.revapi79 = undefined;if (window.RS_MODULES.checkMinimal!==undefined) window.RS_MODULES.checkMinimal()}\n\t\t\t\t<\/script>\n\t\t\t<\/rs-module-wrap>\n\t\t\t<!-- END REVOLUTION SLIDER -->\n<\/div><\/div><style type=\"text\/css\">.fusion-body .fusion-builder-column-0{width:100% !important;margin-top : 0px;margin-bottom : 20px;}.fusion-builder-column-0 > .fusion-column-wrapper {padding-top : 0px !important;padding-right : 0px !important;margin-right : 1.92%;padding-bottom : 0px !important;padding-left : 0px !important;margin-left : 1.92%;}@media only screen and (max-width:1024px) {.fusion-body .fusion-builder-column-0{width:100% !important;order : 0;}.fusion-builder-column-0 > .fusion-column-wrapper {margin-right : 1.92%;margin-left : 1.92%;}}@media only screen and (max-width:640px) {.fusion-body .fusion-builder-column-0{width:100% !important;order : 0;}.fusion-builder-column-0 > .fusion-column-wrapper {margin-right : 1.92%;margin-left : 1.92%;}}<\/style><\/div><\/div><style type=\"text\/css\">.fusion-body .fusion-flex-container.fusion-builder-row-1{ padding-top : 0px;margin-top : 0px;padding-right : 0px;padding-bottom : 0px;margin-bottom : 0px;padding-left : 0px;}<\/style><\/div><div class=\"fusion-fullwidth fullwidth-box fusion-builder-row-2 fusion-flex-container has-pattern-background has-mask-background nonhundred-percent-fullwidth non-hundred-percent-height-scrolling\" style=\"background-color: rgba(255,255,255,0);background-image:linear-gradient(180deg, var(--awb-color1) 0%,hsla(var(--awb-color8-h),var(--awb-color8-s),calc( var(--awb-color8-l) + 97% ),var(--awb-color8-a)) 100%);background-position: center center;background-repeat: no-repeat;border-width: 0px 0px 0px 0px;border-color:var(--awb-color3);border-style:solid;\" id=\"derechos\" ><div class=\"fusion-builder-row fusion-row fusion-flex-align-items-stretch\" style=\"max-width:calc( 1370px + 40px );margin-left: calc(-40px \/ 2 );margin-right: calc(-40px \/ 2 );\"><div class=\"fusion-layout-column fusion_builder_column fusion-builder-column-1 fusion_builder_column_1_2 1_2 fusion-flex-column\"><div class=\"fusion-column-wrapper fusion-flex-justify-content-flex-start fusion-content-layout-column\" style=\"background-position:left top;background-repeat:no-repeat;-webkit-background-size:cover;-moz-background-size:cover;-o-background-size:cover;background-size:cover;padding: 0px 0px 0px 0px;\"><div class=\"fusion-separator fusion-full-width-sep\" style=\"align-self: center;margin-left: auto;margin-right: auto;margin-top:40px;width:100%;\"><\/div><div ><span class=\" fusion-imageframe imageframe-none imageframe-1 hover-type-none\" style=\"border-radius:8px;\"><img decoding=\"async\" width=\"1000\" height=\"667\" title=\"Hands holding earth CSR business campaign\" src=\"https:\/\/secofa.com\/web_pruebas\/wp-content\/uploads\/2022\/12\/responsabilidad-social.jpg\" alt class=\"img-responsive wp-image-1770\" srcset=\"https:\/\/secofa.com\/web_pruebas\/wp-content\/uploads\/2022\/12\/responsabilidad-social-200x133.jpg 200w, https:\/\/secofa.com\/web_pruebas\/wp-content\/uploads\/2022\/12\/responsabilidad-social-400x267.jpg 400w, https:\/\/secofa.com\/web_pruebas\/wp-content\/uploads\/2022\/12\/responsabilidad-social-600x400.jpg 600w, https:\/\/secofa.com\/web_pruebas\/wp-content\/uploads\/2022\/12\/responsabilidad-social-800x534.jpg 800w, https:\/\/secofa.com\/web_pruebas\/wp-content\/uploads\/2022\/12\/responsabilidad-social.jpg 1000w\" sizes=\"(max-width: 640px) 100vw, 800px\" \/><\/span><\/div><\/div><style type=\"text\/css\">.fusion-body .fusion-builder-column-1{width:50% !important;margin-top : 0px;margin-bottom : 115px;}.fusion-builder-column-1 > .fusion-column-wrapper {padding-top : 0px !important;padding-right : 0px !important;margin-right : 20px;padding-bottom : 0px !important;padding-left : 0px !important;margin-left : 80px;}@media only screen and (max-width:1024px) {.fusion-body .fusion-builder-column-1{width:50% !important;order : 0;margin-bottom : 70px;}.fusion-builder-column-1 > .fusion-column-wrapper {margin-right : 20px;margin-left : 80px;}}@media only screen and (max-width:640px) {.fusion-body .fusion-builder-column-1{width:100% !important;order : 0;}.fusion-builder-column-1 > .fusion-column-wrapper {margin-right : 20px;margin-left : 20px;}}<\/style><\/div><div class=\"fusion-layout-column fusion_builder_column fusion-builder-column-2 fusion_builder_column_1_2 1_2 fusion-flex-column\"><div class=\"fusion-column-wrapper fusion-flex-justify-content-flex-start fusion-content-layout-column\" style=\"background-position:left top;background-repeat:no-repeat;-webkit-background-size:cover;-moz-background-size:cover;-o-background-size:cover;background-size:cover;padding: 20px 0px 0px 0px;\"><div class=\"fusion-text fusion-text-1\" style=\"text-align:justify;font-size:14px;\"><h4 data-fontsize=\"24\" style=\"--fontSize: 24; line-height: 1.2;\" data-lineheight=\"28.8px\" class=\"fusion-responsive-typography-calculated\">Derechos humanos e inclusi\u00f3n<\/h4>\n<p>Estamos comprometidos con el respeto de los derechos humanos en todo momento, cumpliendo con todo el marco normativo laboral y garantizando el pago oportuno de salarios y honorarios.<\/p>\n<p>Promovemos una pol\u00edtica de tolerancia cero al trabajo infantil y forzoso, por medio del cumplimiento de la legislaci\u00f3n colombiana y de los acuerdos internacionales del pa\u00eds en materia de prohibici\u00f3n de ese trabajo.<\/p>\n<p>Por \u00faltimo, se destaca que al interior de la compa\u00f1\u00eda se evita cualquier tipo de acto de discriminaci\u00f3n por edad, raza, etnia, g\u00e9nero, capacidad diferente, religi\u00f3n, estado civil u orientaci\u00f3n sexual; lo que genera un ambiente de respeto y sana convivencia al interior de las instalaciones.<\/p>\n<\/div><\/div><style type=\"text\/css\">.fusion-body .fusion-builder-column-2{width:50% !important;margin-top : 0px;margin-bottom : 115px;}.fusion-builder-column-2 > .fusion-column-wrapper {padding-top : 20px !important;padding-right : 0px !important;margin-right : 80px;padding-bottom : 0px !important;padding-left : 0px !important;margin-left : 20px;}@media only screen and (max-width:1024px) {.fusion-body .fusion-builder-column-2{width:50% !important;order : 0;margin-bottom : 70px;}.fusion-builder-column-2 > .fusion-column-wrapper {padding-top : 0px !important;margin-right : 0px;margin-left : 20px;}}@media only screen and (max-width:640px) {.fusion-body .fusion-builder-column-2{width:100% !important;order : 0;}.fusion-builder-column-2 > .fusion-column-wrapper {margin-right : 20px;margin-left : 20px;}}<\/style><\/div><\/div><style type=\"text\/css\">.fusion-body .fusion-flex-container.fusion-builder-row-2{ padding-top : 80px;margin-top : 0px;padding-right : 0px;padding-bottom : 0px;margin-bottom : 0px;padding-left : 0px;}@media only screen and (max-width:1024px) {.fusion-body .fusion-flex-container.fusion-builder-row-2{ padding-bottom : 70px;}}<\/style><\/div><div class=\"fusion-fullwidth fullwidth-box fusion-builder-row-3 fusion-flex-container has-pattern-background has-mask-background nonhundred-percent-fullwidth non-hundred-percent-height-scrolling\" style=\"background-color: rgba(255,255,255,0);background-image:linear-gradient(180deg, var(--awb-color1) 0%,hsla(var(--awb-color8-h),var(--awb-color8-s),calc( var(--awb-color8-l) + 97% ),var(--awb-color8-a)) 100%);background-position: center center;background-repeat: no-repeat;border-width: 0px 0px 0px 0px;border-color:var(--awb-color3);border-style:solid;\" ><div class=\"fusion-builder-row fusion-row fusion-flex-align-items-stretch\" style=\"max-width:calc( 1370px + 40px );margin-left: calc(-40px \/ 2 );margin-right: calc(-40px \/ 2 );\"><div class=\"fusion-layout-column fusion_builder_column fusion-builder-column-3 fusion_builder_column_1_2 1_2 fusion-flex-column\"><div class=\"fusion-column-wrapper fusion-flex-justify-content-flex-start fusion-content-layout-column\" style=\"background-position:left top;background-repeat:no-repeat;-webkit-background-size:cover;-moz-background-size:cover;-o-background-size:cover;background-size:cover;padding: 20px 0px 0px 0px;\"><div class=\"fusion-text fusion-text-2\" style=\"text-align:justify;font-size:14px;\"><h4 data-fontsize=\"24\" style=\"--fontSize: 24; line-height: 1.2;\" data-lineheight=\"28.8px\" class=\"fusion-responsive-typography-calculated\">El medio ambiente<\/h4>\n<p>Implementamos buenas pr\u00e1cticas encaminadas a generar una cultura de protecci\u00f3n al medio ambiente.<\/p>\n<h4 data-fontsize=\"24\" style=\"--fontSize: 24; line-height: 1.2;\" data-lineheight=\"28.8px\" class=\"fusion-responsive-typography-calculated\">Ambiente laboral<\/h4>\n<p><span style=\"background-color: rgba(255, 255, 255, 0); color: var(--body_typography-color); font-family: var(--body_typography-font-family); font-style: var(--body_typography-font-style,normal); font-weight: var(--body_typography-font-weight); letter-spacing: var(--body_typography-letter-spacing);\">Para nuestra empresa lo m\u00e1s importante es el factor humano. Contamos con una pol\u00edtica de buen trato, fidelizaci\u00f3n de nuestros colaboradores y trabajo en equipo, que se ve reflejada positivamente en la relaci\u00f3n con nuestros clientes. <\/span><\/p>\n<\/div><\/div><style type=\"text\/css\">.fusion-body .fusion-builder-column-3{width:50% !important;margin-top : 0px;margin-bottom : 115px;}.fusion-builder-column-3 > .fusion-column-wrapper {padding-top : 20px !important;padding-right : 0px !important;margin-right : 80px;padding-bottom : 0px !important;padding-left : 0px !important;margin-left : 20px;}@media only screen and (max-width:1024px) {.fusion-body .fusion-builder-column-3{width:50% !important;order : 0;margin-bottom : 70px;}.fusion-builder-column-3 > .fusion-column-wrapper {padding-top : 0px !important;margin-right : 0px;margin-left : 20px;}}@media only screen and (max-width:640px) {.fusion-body .fusion-builder-column-3{width:100% !important;order : 0;}.fusion-builder-column-3 > .fusion-column-wrapper {margin-right : 20px;margin-left : 20px;}}<\/style><\/div><div class=\"fusion-layout-column fusion_builder_column fusion-builder-column-4 fusion_builder_column_1_2 1_2 fusion-flex-column\"><div class=\"fusion-column-wrapper fusion-flex-justify-content-flex-start fusion-content-layout-column\" style=\"background-position:left top;background-repeat:no-repeat;-webkit-background-size:cover;-moz-background-size:cover;-o-background-size:cover;background-size:cover;padding: 0px 0px 0px 0px;\"><div class=\"fusion-separator fusion-full-width-sep\" style=\"align-self: center;margin-left: auto;margin-right: auto;margin-top:40px;width:100%;\"><\/div><div ><span class=\" fusion-imageframe imageframe-none imageframe-2 hover-type-none\" style=\"border-radius:8px;\"><img decoding=\"async\" width=\"510\" height=\"340\" title=\"planear_responsabilidad_social_empresarial\" src=\"https:\/\/secofa.com\/web_pruebas\/wp-content\/uploads\/2022\/12\/planear_responsabilidad_social_empresarial.jpg\" alt class=\"img-responsive wp-image-1771\" srcset=\"https:\/\/secofa.com\/web_pruebas\/wp-content\/uploads\/2022\/12\/planear_responsabilidad_social_empresarial-200x133.jpg 200w, https:\/\/secofa.com\/web_pruebas\/wp-content\/uploads\/2022\/12\/planear_responsabilidad_social_empresarial-400x267.jpg 400w, https:\/\/secofa.com\/web_pruebas\/wp-content\/uploads\/2022\/12\/planear_responsabilidad_social_empresarial.jpg 510w\" sizes=\"(max-width: 640px) 100vw, 510px\" \/><\/span><\/div><\/div><style type=\"text\/css\">.fusion-body .fusion-builder-column-4{width:50% !important;margin-top : 0px;margin-bottom : 115px;}.fusion-builder-column-4 > .fusion-column-wrapper {padding-top : 0px !important;padding-right : 0px !important;margin-right : 20px;padding-bottom : 0px !important;padding-left : 0px !important;margin-left : 80px;}@media only screen and (max-width:1024px) {.fusion-body .fusion-builder-column-4{width:50% !important;order : 0;margin-bottom : 70px;}.fusion-builder-column-4 > .fusion-column-wrapper {margin-right : 20px;margin-left : 80px;}}@media only screen and (max-width:640px) {.fusion-body .fusion-builder-column-4{width:100% !important;order : 0;}.fusion-builder-column-4 > .fusion-column-wrapper {margin-right : 20px;margin-left : 20px;}}<\/style><\/div><\/div><style type=\"text\/css\">.fusion-body .fusion-flex-container.fusion-builder-row-3{ padding-top : 80px;margin-top : 0px;padding-right : 0px;padding-bottom : 0px;margin-bottom : 0px;padding-left : 0px;}@media only screen and (max-width:1024px) {.fusion-body .fusion-flex-container.fusion-builder-row-3{ padding-bottom : 70px;}}<\/style><\/div><\/p>\n","protected":false},"excerpt":{"rendered":"","protected":false},"author":1,"featured_media":0,"parent":0,"menu_order":0,"comment_status":"closed","ping_status":"closed","template":"100-width.php","meta":{"footnotes":""},"class_list":["post-1765","page","type-page","status-publish","hentry"],"_links":{"self":[{"href":"https:\/\/secofa.com\/web_pruebas\/wp-json\/wp\/v2\/pages\/1765","targetHints":{"allow":["GET"]}}],"collection":[{"href":"https:\/\/secofa.com\/web_pruebas\/wp-json\/wp\/v2\/pages"}],"about":[{"href":"https:\/\/secofa.com\/web_pruebas\/wp-json\/wp\/v2\/types\/page"}],"author":[{"embeddable":true,"href":"https:\/\/secofa.com\/web_pruebas\/wp-json\/wp\/v2\/users\/1"}],"replies":[{"embeddable":true,"href":"https:\/\/secofa.com\/web_pruebas\/wp-json\/wp\/v2\/comments?post=1765"}],"version-history":[{"count":10,"href":"https:\/\/secofa.com\/web_pruebas\/wp-json\/wp\/v2\/pages\/1765\/revisions"}],"predecessor-version":[{"id":3472,"href":"https:\/\/secofa.com\/web_pruebas\/wp-json\/wp\/v2\/pages\/1765\/revisions\/3472"}],"wp:attachment":[{"href":"https:\/\/secofa.com\/web_pruebas\/wp-json\/wp\/v2\/media?parent=1765"}],"curies":[{"name":"wp","href":"https:\/\/api.w.org\/{rel}","templated":true}]}}