{"id":1407,"date":"2022-11-22T16:18:11","date_gmt":"2022-11-22T16:18:11","guid":{"rendered":"https:\/\/secofa.com\/web_pruebas\/?page_id=1407"},"modified":"2025-07-11T15:16:59","modified_gmt":"2025-07-11T20:16:59","slug":"quienes-somos","status":"publish","type":"page","link":"https:\/\/secofa.com\/web_pruebas\/quienes-somos\/","title":{"rendered":"Qui\u00e9nes somos"},"content":{"rendered":"<div class=\"fusion-fullwidth fullwidth-box fusion-builder-row-1 fusion-flex-container has-pattern-background has-mask-background nonhundred-percent-fullwidth non-hundred-percent-height-scrolling\" style=\"background-color: rgba(255,255,255,0);background-position: center center;background-repeat: no-repeat;border-width: 0px 0px 0px 0px;border-color:var(--awb-color3);border-style:solid;\" ><div class=\"fusion-builder-row fusion-row fusion-flex-align-items-flex-start\" style=\"max-width:1424.8px;margin-left: calc(-4% \/ 2 );margin-right: calc(-4% \/ 2 );\"><div class=\"fusion-layout-column fusion_builder_column fusion-builder-column-0 fusion_builder_column_1_1 1_1 fusion-flex-column\"><div class=\"fusion-column-wrapper fusion-flex-justify-content-flex-start fusion-content-layout-column\" style=\"background-position:left top;background-repeat:no-repeat;-webkit-background-size:cover;-moz-background-size:cover;-o-background-size:cover;background-size:cover;padding: 0px 0px 0px 0px;\">\n<div class=\"fusion-slider-revolution rev_slider_wrapper\">\t\t\t<!-- START Slaido 35 1 REVOLUTION SLIDER 6.6.5 --><p class=\"rs-p-wp-fix\"><\/p>\n\t\t\t<rs-module-wrap id=\"rev_slider_118_1_wrapper\" data-source=\"gallery\" style=\"visibility:hidden;background:transparent;padding:0;margin:0px auto;margin-top:0;margin-bottom:0;\">\n\t\t\t\t<rs-module id=\"rev_slider_118_1\" style=\"\" data-version=\"6.6.5\">\n\t\t\t\t\t<rs-slides style=\"overflow: hidden; position: absolute;\">\n\t\t\t\t\t\t<rs-slide style=\"position: absolute;\" data-key=\"rs-208\" data-title=\"Slide\" data-anim=\"e:slidingoverlay;ms:2000;\" data-in=\"o:1;y:(100%);\" data-out=\"a:false;\">\n\t\t\t\t\t\t\t<img decoding=\"async\" src=\"\/\/secofa.com\/web_pruebas\/wp-content\/plugins\/revslider\/public\/assets\/assets\/dummy.png\" alt=\"\" title=\"Dise\u00f1o sin t\u00edtulo (17)\" width=\"1240\" height=\"910\" class=\"rev-slidebg tp-rs-img rs-lazyload\" data-lazyload=\"\/\/secofa.com\/web_pruebas\/wp-content\/uploads\/2025\/07\/Diseno-sin-titulo-17.png\" data-parallax=\"15\" data-no-retina>\n<!--\n\t\t\t\t\t\t\t--><rs-layer\n\t\t\t\t\t\t\t\tid=\"slider-118-slide-208-layer-0\" \n\t\t\t\t\t\t\t\tdata-type=\"shape\"\n\t\t\t\t\t\t\t\tdata-rsp_ch=\"on\"\n\t\t\t\t\t\t\t\tdata-xy=\"xo:123px,123px,76px,76px;yo:98px,98px,60px,60px;\"\n\t\t\t\t\t\t\t\tdata-text=\"w:normal;s:20,20,12,12;l:0,0,15,15;\"\n\t\t\t\t\t\t\t\tdata-dim=\"w:975,975,611,611;h:786,786,493,493;\"\n\t\t\t\t\t\t\t\tdata-frame_1=\"e:power4.inOut;st:2150;sp:1200;sR:2150;\"\n\t\t\t\t\t\t\t\tdata-frame_1_sfx=\"se:blocktoleft;\"\n\t\t\t\t\t\t\t\tdata-frame_999=\"o:0;st:w;sR:5650;\"\n\t\t\t\t\t\t\t\tstyle=\"z-index:6;background-color:rgba(255,255,255,0.64);\"\n\t\t\t\t\t\t\t> \n\t\t\t\t\t\t\t<\/rs-layer><!--\n\n\t\t\t\t\t\t\t--><rs-layer\n\t\t\t\t\t\t\t\tid=\"slider-118-slide-208-layer-1\" \n\t\t\t\t\t\t\t\tdata-type=\"text\"\n\t\t\t\t\t\t\t\tdata-color=\"#000000\"\n\t\t\t\t\t\t\t\tdata-rsp_ch=\"on\"\n\t\t\t\t\t\t\t\tdata-xy=\"xo:184px,184px,114px,114px;yo:288px,288px,180px,180px;\"\n\t\t\t\t\t\t\t\tdata-text=\"w:normal;s:21,21,12,12;l:26,26,15,15;a:center;\"\n\t\t\t\t\t\t\t\tdata-dim=\"w:863,863,540,540;\"\n\t\t\t\t\t\t\t\tdata-frame_0=\"x:100%;\"\n\t\t\t\t\t\t\t\tdata-frame_0_mask=\"u:t;\"\n\t\t\t\t\t\t\t\tdata-frame_1=\"st:2310;sp:1000;sR:2310;\"\n\t\t\t\t\t\t\t\tdata-frame_1_mask=\"u:t;\"\n\t\t\t\t\t\t\t\tdata-frame_999=\"o:0;st:w;sR:5690;\"\n\t\t\t\t\t\t\t\tstyle=\"z-index:9;font-family:'Roboto';\"\n\t\t\t\t\t\t\t>Security Consulting of Americas \u2013 SECOFA,  nace el 5 de \nmayo de 2005 con el objetivo de prestar servicios de \nconsultor\u00eda, asesor\u00eda e investigaci\u00f3n en seguridad; la idea \nnaci\u00f3 de un grupo de empresarios que, conociendo las \nnecesidades de las empresas en materia de seguridad, \ndecidieron unir la experiencia y conocimiento para \nbrindar un servicio de calidad que ayudara a disminuir los \nriesgos a los que est\u00e1n expuestas las empresas y \npersonas. \n\t\t\t\t\t\t\t<\/rs-layer><!--\n\n\t\t\t\t\t\t\t--><rs-layer\n\t\t\t\t\t\t\t\tid=\"slider-118-slide-208-layer-2\" \n\t\t\t\t\t\t\t\tdata-type=\"text\"\n\t\t\t\t\t\t\t\tdata-rsp_ch=\"on\"\n\t\t\t\t\t\t\t\tdata-xy=\"x:c;xo:-78px,-78px,342px,342px;yo:1082px,1082px,998px,998px;\"\n\t\t\t\t\t\t\t\tdata-text=\"s:50,50,40,40;l:54,54,50,50;ls:-2px;fw:700;a:center;\"\n\t\t\t\t\t\t\t\tdata-frame_0=\"y:100%;\"\n\t\t\t\t\t\t\t\tdata-frame_1=\"e:power4.inOut;st:1030;sp:1570;sR:1030;\"\n\t\t\t\t\t\t\t\tdata-frame_999=\"o:0;st:w;sR:6400;\"\n\t\t\t\t\t\t\t\tstyle=\"z-index:7;font-family:'Poppins';\"\n\t\t\t\t\t\t\t>Quienes somos \n\t\t\t\t\t\t\t<\/rs-layer><!--\n\n\t\t\t\t\t\t\t--><rs-layer\n\t\t\t\t\t\t\t\tid=\"slider-118-slide-208-layer-4\" \n\t\t\t\t\t\t\t\tdata-type=\"image\"\n\t\t\t\t\t\t\t\tdata-rsp_ch=\"on\"\n\t\t\t\t\t\t\t\tdata-xy=\"xo:213px,213px,132px,132px;yo:627px,627px,392px,392px;\"\n\t\t\t\t\t\t\t\tdata-text=\"w:normal;s:20,20,12,12;l:0,0,15,15;\"\n\t\t\t\t\t\t\t\tdata-dim=\"w:185px,185px,115px,115px;h:224px,224px,139px,139px;\"\n\t\t\t\t\t\t\t\tdata-frame_0=\"x:-50,-50,-31,-31;\"\n\t\t\t\t\t\t\t\tdata-frame_1=\"st:3180;sp:1000;sR:3180;\"\n\t\t\t\t\t\t\t\tdata-frame_999=\"o:0;st:w;sR:4820;\"\n\t\t\t\t\t\t\t\tstyle=\"z-index:12;\"\n\t\t\t\t\t\t\t><img decoding=\"async\" src=\"\/\/secofa.com\/web_pruebas\/wp-content\/plugins\/revslider\/public\/assets\/assets\/dummy.png\" alt=\"\" class=\"tp-rs-img rs-lazyload\" width=\"414\" height=\"502\" data-lazyload=\"\/\/secofa.com\/web_pruebas\/wp-content\/uploads\/2025\/07\/1.2-removebg-preview-1-1.png\" data-no-retina> \n\t\t\t\t\t\t\t<\/rs-layer><!--\n\n\t\t\t\t\t\t\t--><rs-layer\n\t\t\t\t\t\t\t\tid=\"slider-118-slide-208-layer-7\" \n\t\t\t\t\t\t\t\tdata-type=\"image\"\n\t\t\t\t\t\t\t\tdata-rsp_ch=\"on\"\n\t\t\t\t\t\t\t\tdata-xy=\"xo:431px,431px,269px,269px;yo:701px,701px,439px,439px;\"\n\t\t\t\t\t\t\t\tdata-text=\"w:normal;s:20,20,12,12;l:0,0,15,15;\"\n\t\t\t\t\t\t\t\tdata-dim=\"w:92px,92px,56px,56px;h:92px,92px,56px,56px;\"\n\t\t\t\t\t\t\t\tdata-frame_0=\"x:-50,-50,-31,-31;\"\n\t\t\t\t\t\t\t\tdata-frame_1=\"st:3520;sp:1000;sR:3520;\"\n\t\t\t\t\t\t\t\tdata-frame_999=\"o:0;st:w;sR:4480;\"\n\t\t\t\t\t\t\t\tstyle=\"z-index:14;\"\n\t\t\t\t\t\t\t><img decoding=\"async\" src=\"\/\/secofa.com\/web_pruebas\/wp-content\/plugins\/revslider\/public\/assets\/assets\/dummy.png\" alt=\"\" class=\"tp-rs-img rs-lazyload\" width=\"181\" height=\"181\" data-lazyload=\"\/\/secofa.com\/web_pruebas\/wp-content\/uploads\/2025\/07\/2.2-removebg-preview.png\" data-no-retina> \n\t\t\t\t\t\t\t<\/rs-layer><!--\n\n\t\t\t\t\t\t\t--><rs-layer\n\t\t\t\t\t\t\t\tid=\"slider-118-slide-208-layer-8\" \n\t\t\t\t\t\t\t\tdata-type=\"text\"\n\t\t\t\t\t\t\t\tdata-color=\"#000000||#000000||#ffffff||#ffffff\"\n\t\t\t\t\t\t\t\tdata-rsp_ch=\"on\"\n\t\t\t\t\t\t\t\tdata-xy=\"x:l,l,c,c;xo:266px,266px,0,266px;yo:140px,140px,63px,63px;\"\n\t\t\t\t\t\t\t\tdata-text=\"s:93,93,63,63;l:100,100,79,79;ls:-3,-3,-3px,-3px;fw:700;a:center;\"\n\t\t\t\t\t\t\t\tdata-frame_0=\"y:100%;\"\n\t\t\t\t\t\t\t\tdata-frame_1=\"e:power4.inOut;st:1140;sp:1530;sR:1140;\"\n\t\t\t\t\t\t\t\tdata-frame_999=\"o:0;st:w;sR:6330;\"\n\t\t\t\t\t\t\t\tstyle=\"z-index:8;font-family:'Poppins';\"\n\t\t\t\t\t\t\t>Qui\u00e9nes somos \n\t\t\t\t\t\t\t<\/rs-layer><!--\n\n\t\t\t\t\t\t\t--><rs-layer\n\t\t\t\t\t\t\t\tid=\"slider-118-slide-208-layer-9\" \n\t\t\t\t\t\t\t\tdata-type=\"image\"\n\t\t\t\t\t\t\t\tdata-rsp_ch=\"on\"\n\t\t\t\t\t\t\t\tdata-xy=\"xo:392px,392px,245px,245px;yo:442px,442px,277px,277px;\"\n\t\t\t\t\t\t\t\tdata-text=\"w:normal;s:20,20,12,12;l:0,0,15,15;\"\n\t\t\t\t\t\t\t\tdata-dim=\"w:190px,190px,118px,118px;h:230px,230px,143px,143px;\"\n\t\t\t\t\t\t\t\tdata-frame_0=\"x:-50,-50,-31,-31;\"\n\t\t\t\t\t\t\t\tdata-frame_1=\"st:3510;sp:1000;sR:3510;\"\n\t\t\t\t\t\t\t\tdata-frame_999=\"o:0;st:w;sR:4490;\"\n\t\t\t\t\t\t\t\tstyle=\"z-index:11;\"\n\t\t\t\t\t\t\t><img decoding=\"async\" src=\"\/\/secofa.com\/web_pruebas\/wp-content\/plugins\/revslider\/public\/assets\/assets\/dummy.png\" alt=\"\" class=\"tp-rs-img rs-lazyload\" width=\"414\" height=\"502\" data-lazyload=\"\/\/secofa.com\/web_pruebas\/wp-content\/uploads\/2025\/07\/2.1-removebg-preview.png\" data-no-retina> \n\t\t\t\t\t\t\t<\/rs-layer><!--\n\n\t\t\t\t\t\t\t--><rs-layer\n\t\t\t\t\t\t\t\tid=\"slider-118-slide-208-layer-10\" \n\t\t\t\t\t\t\t\tdata-type=\"image\"\n\t\t\t\t\t\t\t\tdata-rsp_ch=\"on\"\n\t\t\t\t\t\t\t\tdata-xy=\"xo:573px,573px,359px,359px;yo:630px,630px,395px,395px;\"\n\t\t\t\t\t\t\t\tdata-text=\"w:normal;s:20,20,12,12;l:0,0,15,15;\"\n\t\t\t\t\t\t\t\tdata-dim=\"w:181px,181px,113px,113px;h:223px,223px,139px,139px;\"\n\t\t\t\t\t\t\t\tdata-frame_0=\"x:-50,-50,-31,-31;\"\n\t\t\t\t\t\t\t\tdata-frame_1=\"st:3880;sp:1000;sR:3880;\"\n\t\t\t\t\t\t\t\tdata-frame_999=\"o:0;st:w;sR:4120;\"\n\t\t\t\t\t\t\t\tstyle=\"z-index:13;\"\n\t\t\t\t\t\t\t><img decoding=\"async\" src=\"\/\/secofa.com\/web_pruebas\/wp-content\/plugins\/revslider\/public\/assets\/assets\/dummy.png\" alt=\"\" class=\"tp-rs-img rs-lazyload\" width=\"414\" height=\"510\" data-lazyload=\"\/\/secofa.com\/web_pruebas\/wp-content\/uploads\/2025\/07\/3.1-removebg-preview.png\" data-no-retina> \n\t\t\t\t\t\t\t<\/rs-layer><!--\n\n\t\t\t\t\t\t\t--><rs-layer\n\t\t\t\t\t\t\t\tid=\"slider-118-slide-208-layer-11\" \n\t\t\t\t\t\t\t\tdata-type=\"image\"\n\t\t\t\t\t\t\t\tdata-rsp_ch=\"on\"\n\t\t\t\t\t\t\t\tdata-xy=\"xo:251px,251px,157px,157px;yo:461px,461px,288px,288px;\"\n\t\t\t\t\t\t\t\tdata-text=\"w:normal;s:20,20,12,12;l:0,0,15,15;\"\n\t\t\t\t\t\t\t\tdata-dim=\"w:99px,99px,61px,61px;h:99px,99px,61px,61px;\"\n\t\t\t\t\t\t\t\tdata-frame_0=\"x:-50,-50,-31,-31;\"\n\t\t\t\t\t\t\t\tdata-frame_1=\"st:3180;sp:1000;sR:3180;\"\n\t\t\t\t\t\t\t\tdata-frame_999=\"o:0;st:w;sR:4820;\"\n\t\t\t\t\t\t\t\tstyle=\"z-index:15;\"\n\t\t\t\t\t\t\t><img decoding=\"async\" src=\"\/\/secofa.com\/web_pruebas\/wp-content\/plugins\/revslider\/public\/assets\/assets\/dummy.png\" alt=\"\" class=\"tp-rs-img rs-lazyload\" width=\"286\" height=\"286\" data-lazyload=\"\/\/secofa.com\/web_pruebas\/wp-content\/uploads\/2025\/07\/1.1-removebg-preview-1.png\" data-no-retina> \n\t\t\t\t\t\t\t<\/rs-layer><!--\n\n\t\t\t\t\t\t\t--><rs-layer\n\t\t\t\t\t\t\t\tid=\"slider-118-slide-208-layer-12\" \n\t\t\t\t\t\t\t\tdata-type=\"image\"\n\t\t\t\t\t\t\t\tdata-rsp_ch=\"on\"\n\t\t\t\t\t\t\t\tdata-xy=\"xo:614px,614px,385px,385px;yo:474px,474px,297px,297px;\"\n\t\t\t\t\t\t\t\tdata-text=\"w:normal;s:20,20,12,12;l:0,0,15,15;\"\n\t\t\t\t\t\t\t\tdata-dim=\"w:108px,108px,67px,67px;h:100px,100px,62px,62px;\"\n\t\t\t\t\t\t\t\tdata-frame_0=\"x:-50,-50,-31,-31;\"\n\t\t\t\t\t\t\t\tdata-frame_1=\"st:3900;sp:1000;sR:3900;\"\n\t\t\t\t\t\t\t\tdata-frame_999=\"o:0;st:w;sR:4100;\"\n\t\t\t\t\t\t\t\tstyle=\"z-index:16;\"\n\t\t\t\t\t\t\t><img decoding=\"async\" src=\"\/\/secofa.com\/web_pruebas\/wp-content\/plugins\/revslider\/public\/assets\/assets\/dummy.png\" alt=\"\" class=\"tp-rs-img rs-lazyload\" width=\"369\" height=\"341\" data-lazyload=\"\/\/secofa.com\/web_pruebas\/wp-content\/uploads\/2025\/07\/Logo_Basc-removebg-preview-2.png\" data-no-retina> \n\t\t\t\t\t\t\t<\/rs-layer><!--\n\n\t\t\t\t\t\t\t--><rs-layer\n\t\t\t\t\t\t\t\tid=\"slider-118-slide-208-layer-13\" \n\t\t\t\t\t\t\t\tdata-type=\"image\"\n\t\t\t\t\t\t\t\tdata-rsp_ch=\"on\"\n\t\t\t\t\t\t\t\tdata-xy=\"xo:745px,745px,467px,467px;yo:444px,444px,278px,278px;\"\n\t\t\t\t\t\t\t\tdata-text=\"w:normal;s:20,20,12,12;l:0,0,15,15;\"\n\t\t\t\t\t\t\t\tdata-dim=\"w:186px,186px,116px,116px;h:229px,229px,143px,143px;\"\n\t\t\t\t\t\t\t\tdata-frame_0=\"x:-50,-50,-31,-31;\"\n\t\t\t\t\t\t\t\tdata-frame_1=\"st:4250;sp:1000;sR:4250;\"\n\t\t\t\t\t\t\t\tdata-frame_999=\"o:0;st:w;sR:3750;\"\n\t\t\t\t\t\t\t\tstyle=\"z-index:10;\"\n\t\t\t\t\t\t\t><img decoding=\"async\" src=\"\/\/secofa.com\/web_pruebas\/wp-content\/plugins\/revslider\/public\/assets\/assets\/dummy.png\" alt=\"\" class=\"tp-rs-img rs-lazyload\" width=\"414\" height=\"510\" data-lazyload=\"\/\/secofa.com\/web_pruebas\/wp-content\/uploads\/2025\/07\/4.1-removebg-preview.png\" data-no-retina> \n\t\t\t\t\t\t\t<\/rs-layer><!--\n\n\t\t\t\t\t\t\t--><rs-layer\n\t\t\t\t\t\t\t\tid=\"slider-118-slide-208-layer-14\" \n\t\t\t\t\t\t\t\tdata-type=\"image\"\n\t\t\t\t\t\t\t\tdata-rsp_ch=\"on\"\n\t\t\t\t\t\t\t\tdata-xy=\"xo:798px,798px,499px,499px;yo:705px,705px,442px,442px;\"\n\t\t\t\t\t\t\t\tdata-text=\"w:normal;s:20,20,12,12;l:0,0,15,15;\"\n\t\t\t\t\t\t\t\tdata-dim=\"w:100px,100px,62px,62px;h:100px,100px,62px,62px;\"\n\t\t\t\t\t\t\t\tdata-frame_0=\"x:-50,-50,-31,-31;\"\n\t\t\t\t\t\t\t\tdata-frame_1=\"st:4250;sp:1000;sR:4250;\"\n\t\t\t\t\t\t\t\tdata-frame_999=\"o:0;st:w;sR:3750;\"\n\t\t\t\t\t\t\t\tstyle=\"z-index:17;\"\n\t\t\t\t\t\t\t><img decoding=\"async\" src=\"\/\/secofa.com\/web_pruebas\/wp-content\/plugins\/revslider\/public\/assets\/assets\/dummy.png\" alt=\"\" class=\"tp-rs-img rs-lazyload\" width=\"208\" height=\"208\" data-lazyload=\"\/\/secofa.com\/web_pruebas\/wp-content\/uploads\/2025\/07\/4.2-removebg-preview.png\" data-no-retina> \n\t\t\t\t\t\t\t<\/rs-layer><!--\n-->\t\t\t\t\t\t<\/rs-slide>\n\t\t\t\t\t<\/rs-slides>\n\t\t\t\t<\/rs-module>\n\t\t\t\t<script>\n\t\t\t\t\tsetREVStartSize({c: 'rev_slider_118_1',rl:[1240,1240,778,778],el:[910,910,900,900],gw:[1240,1240,778,778],gh:[910,910,900,900],type:'standard',justify:'',layout:'fullwidth',mh:\"0\"});if (window.RS_MODULES!==undefined && window.RS_MODULES.modules!==undefined && window.RS_MODULES.modules[\"revslider1181\"]!==undefined) {window.RS_MODULES.modules[\"revslider1181\"].once = false;window.revapi118 = undefined;if (window.RS_MODULES.checkMinimal!==undefined) window.RS_MODULES.checkMinimal()}\n\t\t\t\t<\/script>\n\t\t\t<\/rs-module-wrap>\n\t\t\t<!-- END REVOLUTION SLIDER -->\n<\/div><\/div><style type=\"text\/css\">.fusion-body .fusion-builder-column-0{width:100% !important;margin-top : 0px;margin-bottom : 20px;}.fusion-builder-column-0 > .fusion-column-wrapper {padding-top : 0px !important;padding-right : 0px !important;margin-right : 1.92%;padding-bottom : 0px !important;padding-left : 0px !important;margin-left : 1.92%;}@media only screen and (max-width:1024px) {.fusion-body .fusion-builder-column-0{width:100% !important;order : 0;}.fusion-builder-column-0 > .fusion-column-wrapper {margin-right : 1.92%;margin-left : 1.92%;}}@media only screen and (max-width:640px) {.fusion-body .fusion-builder-column-0{width:100% !important;order : 0;}.fusion-builder-column-0 > .fusion-column-wrapper {margin-right : 1.92%;margin-left : 1.92%;}}<\/style><\/div><\/div><style type=\"text\/css\">.fusion-body .fusion-flex-container.fusion-builder-row-1{ padding-top : 0px;margin-top : 0px;padding-right : 0px;padding-bottom : 0px;margin-bottom : 0px;padding-left : 0px;}<\/style><\/div>\n","protected":false},"excerpt":{"rendered":"","protected":false},"author":1,"featured_media":0,"parent":0,"menu_order":0,"comment_status":"closed","ping_status":"closed","template":"100-width.php","meta":{"footnotes":""},"class_list":["post-1407","page","type-page","status-publish","hentry"],"_links":{"self":[{"href":"https:\/\/secofa.com\/web_pruebas\/wp-json\/wp\/v2\/pages\/1407","targetHints":{"allow":["GET"]}}],"collection":[{"href":"https:\/\/secofa.com\/web_pruebas\/wp-json\/wp\/v2\/pages"}],"about":[{"href":"https:\/\/secofa.com\/web_pruebas\/wp-json\/wp\/v2\/types\/page"}],"author":[{"embeddable":true,"href":"https:\/\/secofa.com\/web_pruebas\/wp-json\/wp\/v2\/users\/1"}],"replies":[{"embeddable":true,"href":"https:\/\/secofa.com\/web_pruebas\/wp-json\/wp\/v2\/comments?post=1407"}],"version-history":[{"count":19,"href":"https:\/\/secofa.com\/web_pruebas\/wp-json\/wp\/v2\/pages\/1407\/revisions"}],"predecessor-version":[{"id":3618,"href":"https:\/\/secofa.com\/web_pruebas\/wp-json\/wp\/v2\/pages\/1407\/revisions\/3618"}],"wp:attachment":[{"href":"https:\/\/secofa.com\/web_pruebas\/wp-json\/wp\/v2\/media?parent=1407"}],"curies":[{"name":"wp","href":"https:\/\/api.w.org\/{rel}","templated":true}]}}